{"id":16111,"date":"2022-08-26T15:16:55","date_gmt":"2022-08-26T12:16:55","guid":{"rendered":"https:\/\/www.nurolinsaat.com.tr\/yol-trafik-guvenligi"},"modified":"2025-12-26T15:31:02","modified_gmt":"2025-12-26T12:31:02","slug":"securite-routiere","status":"publish","type":"page","link":"https:\/\/www.nurolinsaat.com.tr\/fr\/securite-routiere","title":{"rendered":"S\u00c9CURIT\u00c9 ROUTI\u00c8RE"},"content":{"rendered":"","protected":false},"excerpt":{"rendered":"","protected":false},"author":1,"featured_media":0,"parent":0,"menu_order":0,"comment_status":"closed","ping_status":"closed","template":"","meta":{"rs_blank_template":"","rs_page_bg_color":"","slide_template_v7":"","footnotes":""},"class_list":["post-16111","page","type-page","status-publish","hentry"],"_links":{"self":[{"href":"https:\/\/www.nurolinsaat.com.tr\/fr\/wp-json\/wp\/v2\/pages\/16111","targetHints":{"allow":["GET"]}}],"collection":[{"href":"https:\/\/www.nurolinsaat.com.tr\/fr\/wp-json\/wp\/v2\/pages"}],"about":[{"href":"https:\/\/www.nurolinsaat.com.tr\/fr\/wp-json\/wp\/v2\/types\/page"}],"author":[{"embeddable":true,"href":"https:\/\/www.nurolinsaat.com.tr\/fr\/wp-json\/wp\/v2\/users\/1"}],"replies":[{"embeddable":true,"href":"https:\/\/www.nurolinsaat.com.tr\/fr\/wp-json\/wp\/v2\/comments?post=16111"}],"version-history":[{"count":5,"href":"https:\/\/www.nurolinsaat.com.tr\/fr\/wp-json\/wp\/v2\/pages\/16111\/revisions"}],"predecessor-version":[{"id":19788,"href":"https:\/\/www.nurolinsaat.com.tr\/fr\/wp-json\/wp\/v2\/pages\/16111\/revisions\/19788"}],"wp:attachment":[{"href":"https:\/\/www.nurolinsaat.com.tr\/fr\/wp-json\/wp\/v2\/media?parent=16111"}],"curies":[{"name":"wp","href":"https:\/\/api.w.org\/{rel}","templated":true}]}}