{"id":6310,"date":"2017-04-18T11:14:16","date_gmt":"2017-04-18T08:14:16","guid":{"rendered":"http:\/\/www.nurolinsaat.com.tr\/is-sagligi-guvenligi"},"modified":"2025-12-26T15:27:30","modified_gmt":"2025-12-26T12:27:30","slug":"sante-et-securite-au-travail","status":"publish","type":"page","link":"https:\/\/www.nurolinsaat.com.tr\/fr\/sante-et-securite-au-travail","title":{"rendered":"SANT\u00c9 ET S\u00c9CURIT\u00c9 AU TRAVAIL"},"content":{"rendered":"","protected":false},"excerpt":{"rendered":"","protected":false},"author":1,"featured_media":0,"parent":0,"menu_order":0,"comment_status":"closed","ping_status":"closed","template":"","meta":{"rs_blank_template":"","rs_page_bg_color":"","slide_template_v7":"","footnotes":""},"class_list":["post-6310","page","type-page","status-publish","hentry"],"_links":{"self":[{"href":"https:\/\/www.nurolinsaat.com.tr\/fr\/wp-json\/wp\/v2\/pages\/6310","targetHints":{"allow":["GET"]}}],"collection":[{"href":"https:\/\/www.nurolinsaat.com.tr\/fr\/wp-json\/wp\/v2\/pages"}],"about":[{"href":"https:\/\/www.nurolinsaat.com.tr\/fr\/wp-json\/wp\/v2\/types\/page"}],"author":[{"embeddable":true,"href":"https:\/\/www.nurolinsaat.com.tr\/fr\/wp-json\/wp\/v2\/users\/1"}],"replies":[{"embeddable":true,"href":"https:\/\/www.nurolinsaat.com.tr\/fr\/wp-json\/wp\/v2\/comments?post=6310"}],"version-history":[{"count":5,"href":"https:\/\/www.nurolinsaat.com.tr\/fr\/wp-json\/wp\/v2\/pages\/6310\/revisions"}],"predecessor-version":[{"id":19782,"href":"https:\/\/www.nurolinsaat.com.tr\/fr\/wp-json\/wp\/v2\/pages\/6310\/revisions\/19782"}],"wp:attachment":[{"href":"https:\/\/www.nurolinsaat.com.tr\/fr\/wp-json\/wp\/v2\/media?parent=6310"}],"curies":[{"name":"wp","href":"https:\/\/api.w.org\/{rel}","templated":true}]}}